{"id":19,"date":"2013-09-24T15:40:25","date_gmt":"2013-09-24T13:40:25","guid":{"rendered":"http:\/\/www.postaelettronicacertificata-pec.it\/pec\/?page_id=19"},"modified":"2023-02-02T19:21:31","modified_gmt":"2023-02-02T18:21:31","slug":"privacy","status":"publish","type":"page","link":"https:\/\/www.postaelettronicacertificata-pec.it\/pec\/contatti\/privacy\/","title":{"rendered":"Privacy Policy"},"content":{"rendered":"<h5><\/h5>\n<h5 style=\"text-align: justify;\">INFORMATIVA CLIENTI\/FORNITORI IN MATERIA DI PROTEZIONE DEI DATI PERSONALI AI SENSI DELL&#8217;ART. 13 D. LGS. 30.06.2003, N. 196<\/h5>\n<p style=\"text-align: justify;\">In osservanza di quanto previsto ai sensi e per gli effetti dell\u2019art. 13 D. Lgs 30 giugno 2003, la Esse-W-Emme.net, con sede in viale Colle delle More n\u00b045 a Citt\u00e0 S. Angelo (PE), nella sua qualit\u00e0 di titolare, informa clienti e fornitori su quali siano le finalit\u00e0 e modalit\u00e0 del trattamento dei dati personali raccolti, il loro ambito di comunicazione e diffusione, oltre la loro natura ed il loro conferimento.<\/p>\n<p style=\"text-align: justify;\">I dati oggetto del trattamento, raccolti presso i clienti\/fornitori, sono trattati ed utilizzati, direttamente per adempiere a finalit\u00e0 strumentali al compimento dell\u2019attivit\u00e0 aziendale quali gestione cliente, archiviazione, fatturazione, elaborazione, nel completo rispetto del principio della correttezza e delle disposizioni di legge. Il trattamento dei dati \u00e8 eseguito attraverso procedure informatiche o comunque mezzi telematici o supporti cartacei ad opera di soggetti, interni appositamente incaricati.<\/p>\n<h5>Conservazione dati<\/h5>\n<p style=\"text-align: justify;\">I dati sono conservati in archivi cartacei, informatici e telematici e sono assicurate le misure di sicurezza minime previste dal legislatore. I dati personali, contabili e fiscali non saranno comunicati, venduti o scambiati con soggetti terzi, salvo eventuali comunicazioni a terzi, quali agenti, per lo svolgimento di attivit\u00e0 funzionali all\u2019Azienda, quali quelle amministrative, contabili e fiscali. In tal caso l\u2019utilizzo da parte dei terzi avverr\u00e0 nel completo rispetto del principio della correttezza e delle disposizioni di legge.\u00a0 Il cliente potr\u00e0 far valere i diritti come espressi dagli artt. 7, 8, 9 e 10 del D. Lgs 30\/06\/03 del n. 196, rivolgendosi al titolare del trattamento.<\/p>\n<p style=\"text-align: justify;\">In particolare il cliente ha diritto di ottenere la conferma dell\u2019esistenza o meno dei suoi dati personali e la messa a disposizione dei medesimi in forma intelligibile, l\u2019aggiornamento, la rettifica o l\u2019integrazione dei dati; la cancellazione, la trasformazione in forma anonima o il blocco dei dati trattati in violazione di legge. Le richieste dovranno essere inviate al seguente indirizzo: Esse-W-Emme.net, viale Colle delle More n\u00b045 &#8211; Citt\u00e0 S. Angelo (PE).<\/p>\n<p style=\"text-align: justify;\">I dati saranno tenuti per il tempo necessario all\u2019espletamento delle finalit\u00e0 contabili e fiscali e secondo quanto previsto dalla legge. Ai sensi dell\u2019art. 24 D. Lgs. 196\/2003 il consenso al trattamento dei suddetti dati non \u00e8 necessario in quanto gli stessi sono raccolti per adempiere ad obbligo di legge o per l\u2019esecuzione di obblighi derivanti da contratto.<\/p>\n","protected":false},"excerpt":{"rendered":"<p>INFORMATIVA CLIENTI\/FORNITORI IN MATERIA DI PROTEZIONE DEI DATI PERSONALI AI SENSI DELL&#8217;ART. 13 D. LGS. 30.06.2003, N. 196 In osservanza di quanto previsto ai sensi e per gli effetti dell\u2019art. 13 D. Lgs 30 giugno 2003, la Esse-W-Emme.net, con sede in viale Colle delle More n\u00b045 a Citt\u00e0 S. Angelo (PE), nella sua qualit\u00e0 di titolare,  [&#8230;]<\/p>\n","protected":false},"author":2,"featured_media":0,"parent":17,"menu_order":1,"comment_status":"closed","ping_status":"closed","template":"","meta":{"footnotes":""},"class_list":["post-19","page","type-page","status-publish","hentry"],"_links":{"self":[{"href":"https:\/\/www.postaelettronicacertificata-pec.it\/pec\/wp-json\/wp\/v2\/pages\/19","targetHints":{"allow":["GET"]}}],"collection":[{"href":"https:\/\/www.postaelettronicacertificata-pec.it\/pec\/wp-json\/wp\/v2\/pages"}],"about":[{"href":"https:\/\/www.postaelettronicacertificata-pec.it\/pec\/wp-json\/wp\/v2\/types\/page"}],"author":[{"embeddable":true,"href":"https:\/\/www.postaelettronicacertificata-pec.it\/pec\/wp-json\/wp\/v2\/users\/2"}],"replies":[{"embeddable":true,"href":"https:\/\/www.postaelettronicacertificata-pec.it\/pec\/wp-json\/wp\/v2\/comments?post=19"}],"version-history":[{"count":7,"href":"https:\/\/www.postaelettronicacertificata-pec.it\/pec\/wp-json\/wp\/v2\/pages\/19\/revisions"}],"predecessor-version":[{"id":12158,"href":"https:\/\/www.postaelettronicacertificata-pec.it\/pec\/wp-json\/wp\/v2\/pages\/19\/revisions\/12158"}],"up":[{"embeddable":true,"href":"https:\/\/www.postaelettronicacertificata-pec.it\/pec\/wp-json\/wp\/v2\/pages\/17"}],"wp:attachment":[{"href":"https:\/\/www.postaelettronicacertificata-pec.it\/pec\/wp-json\/wp\/v2\/media?parent=19"}],"curies":[{"name":"wp","href":"https:\/\/api.w.org\/{rel}","templated":true}]}}